{"id":2206,"date":"2019-11-21T13:19:50","date_gmt":"2019-11-21T13:19:50","guid":{"rendered":"https:\/\/hedonapartments.com\/privacy-policy\/"},"modified":"2021-06-04T19:11:22","modified_gmt":"2021-06-04T19:11:22","slug":"privacy-policy","status":"publish","type":"page","link":"https:\/\/hedonapartments.com\/en\/privacy-policy\/","title":{"rendered":"Privacy Policy"},"content":{"rendered":"\t\t<div data-elementor-type=\"wp-page\" data-elementor-id=\"2206\" class=\"elementor elementor-2206\" data-elementor-post-type=\"page\">\n\t\t\t\t\t\t<header class=\"elementor-section elementor-top-section elementor-element elementor-element-b49c1c1 elementor-section-content-middle elementor-section-boxed elementor-section-height-default elementor-section-height-default\" data-id=\"b49c1c1\" data-element_type=\"section\" data-settings=\"{&quot;background_background&quot;:&quot;classic&quot;}\">\n\t\t\t\t\t\t<div class=\"elementor-container elementor-column-gap-no\">\n\t\t\t\t\t<div class=\"elementor-column elementor-col-50 elementor-top-column elementor-element elementor-element-3bd06b4\" data-id=\"3bd06b4\" data-element_type=\"column\">\n\t\t\t<div class=\"elementor-widget-wrap elementor-element-populated\">\n\t\t\t\t\t\t<div class=\"elementor-element elementor-element-3530717 elementor-widget elementor-widget-image\" data-id=\"3530717\" data-element_type=\"widget\" data-widget_type=\"image.default\">\n\t\t\t\t<div class=\"elementor-widget-container\">\n\t\t\t\t\t\t\t\t\t\t\t\t\t\t<a href=\"https:\/\/hedonapartments.com\/en\/\">\n\t\t\t\t\t\t\t<img fetchpriority=\"high\" decoding=\"async\" width=\"800\" height=\"326\" src=\"https:\/\/hedonapartments.com\/wp-content\/uploads\/2021\/06\/HEDON-Apartments-tume-logo-taustata-1024x417.png\" class=\"attachment-large size-large wp-image-3173\" alt=\"\" srcset=\"https:\/\/hedonapartments.com\/wp-content\/uploads\/2021\/06\/HEDON-Apartments-tume-logo-taustata-1024x417.png 1024w, https:\/\/hedonapartments.com\/wp-content\/uploads\/2021\/06\/HEDON-Apartments-tume-logo-taustata-300x122.png 300w, https:\/\/hedonapartments.com\/wp-content\/uploads\/2021\/06\/HEDON-Apartments-tume-logo-taustata-768x313.png 768w, https:\/\/hedonapartments.com\/wp-content\/uploads\/2021\/06\/HEDON-Apartments-tume-logo-taustata.png 1500w\" sizes=\"(max-width: 800px) 100vw, 800px\" \/>\t\t\t\t\t\t\t\t<\/a>\n\t\t\t\t\t\t\t\t\t\t\t\t\t<\/div>\n\t\t\t\t<\/div>\n\t\t\t\t\t<\/div>\n\t\t<\/div>\n\t\t\t\t<div class=\"elementor-column elementor-col-50 elementor-top-column elementor-element elementor-element-9e6f192\" data-id=\"9e6f192\" data-element_type=\"column\">\n\t\t\t<div class=\"elementor-widget-wrap elementor-element-populated\">\n\t\t\t\t\t\t<div class=\"elementor-element elementor-element-99c7ac6 elementor-view-default elementor-widget elementor-widget-icon\" data-id=\"99c7ac6\" data-element_type=\"widget\" data-widget_type=\"icon.default\">\n\t\t\t\t<div class=\"elementor-widget-container\">\n\t\t\t\t\t<div class=\"elementor-icon-wrapper\">\n\t\t\t<a class=\"elementor-icon\" href=\"#elementor-action%3Aaction%3Dpopup%3Aopen%26settings%3DeyJpZCI6IjM4NCIsInRvZ2dsZSI6dHJ1ZX0%3D\">\n\t\t\t<i aria-hidden=\"true\" class=\"fas fa-bars\"><\/i>\t\t\t<\/a>\n\t\t<\/div>\n\t\t\t\t<\/div>\n\t\t\t\t<\/div>\n\t\t\t\t\t<\/div>\n\t\t<\/div>\n\t\t\t\t\t<\/div>\n\t\t<\/header>\n\t\t\t\t<section class=\"elementor-section elementor-top-section elementor-element elementor-element-6ee3c29d elementor-section-boxed elementor-section-height-default elementor-section-height-default\" data-id=\"6ee3c29d\" data-element_type=\"section\">\n\t\t\t\t\t\t<div class=\"elementor-container elementor-column-gap-default\">\n\t\t\t\t\t<div class=\"elementor-column elementor-col-100 elementor-top-column elementor-element elementor-element-606ac773\" data-id=\"606ac773\" data-element_type=\"column\">\n\t\t\t<div class=\"elementor-widget-wrap elementor-element-populated\">\n\t\t\t\t\t\t<div class=\"elementor-element elementor-element-62de5f1 elementor-widget elementor-widget-text-editor\" data-id=\"62de5f1\" data-element_type=\"widget\" data-widget_type=\"text-editor.default\">\n\t\t\t\t<div class=\"elementor-widget-container\">\n\t\t\t\t\t\t\t<h3>\u00a0<\/h3><h3><strong>Processing of personal data <\/strong><\/h3><p>The controller of the personal data collected via the website of Hedon Apartments is Ringi Haldus O\u00dc (registry code 11249122), located at Suur-J\u00f5e St 58, P\u00e4rnu, P\u00e4rnu County 80042, tel. +372 4479100, email andres.lelov@hedonspa.com. The data controller has appointed a data protection specialist, tel. +372 506 7830, email andres.lelov@hedonspa.com.<\/p><p><strong>What personal data are processed <\/strong><\/p><ul><li>name, phone number and email address<\/li><li>address<\/li><li>cost of services and payment data (purchase history).<\/li><\/ul><h4>Why personal data are processed<\/h4><p>Personal data are used to manage the customers\u2019 reservations. Purchase history details (date of purchase, service, amount, customer data) are used for the purpose of preparing summaries of purchased services and for providing services. Personal data such as email, phone number, customer name, are processed to handle any issues relating to the provision of services (customer support). The IP addresses of website visitors or other network identifiers are processed for the provision of the e-store service as an information society service, and for web usage statistics.<\/p><p><strong>Legal grounds <\/strong><\/p><p>Personal data are processed for the purpose of performing the contract concluded with the customer. Personal data are processed for performing legal obligations (such as accounting and resolution of consumer disputes).<\/p><p><strong>Recipients of personal data<\/strong><\/p><p>Personal data are transmitted to the website customer support for administration of purchases and purchase history, and for solving customer issues. If the accounting service is provided by a service provider, personal data are transmitted to the service provider for the purpose of performing accounting services. Personal data may be transmitted to information technology service providers, if it is required for ensuring the website functionality or data hosting. The company shall transmit the personal data required for execution of the payments to the processor Maksekeskus AS.<\/p><p><strong>Security and access to data <\/strong><\/p><p>Personal data are stored in Zone servers located on the territory of a European Union member state or states within the European Economic Area. Access to personal data is granted to employees who view the personal data in order to solve technical issues related to website usage and to provide the customer support service. The company applies the necessary physical, organisational and IT-related security measures to protect the personal data from accidental or unlawful destruction, loss, alteration, unauthorised access and disclosure.<\/p><p><strong>Revocation of consent <\/strong><\/p><p>If personal data are processed under the customer\u2019s consent, then the customer is entitled to withdraw the consent by informing the customer support thereof via email.<\/p><p><strong>Storage<\/strong><\/p><p>In the event of disputes concerning payments and consumer disputes, the personal data are stored until the claim is satisfied or until the end of the limitation period. Personal data required for providing the accounting service are stored for seven years.<\/p><p><strong>Erasure<\/strong><\/p><p>To erase personal data, the customer is required to contact the customer support via email. Requests for erasure are responded to no later than within one month, and the period of erasure shall be specified.<\/p><p><strong>Transmission<\/strong><\/p><p>Requests to transmit personal data submitted via email are responded to within one month. Customer support identifies the person and indicates what personal data are to be transmitted.<\/p><p>Disputes concerning the processing of personal data are settled through customer support: tel. (+372) 4499000 or\u00a0<a href=\"mailto:info@hedonspa.com\">info@hedonspa.com<\/a>.\u00a0The supervisory authority is the Estonian Data Protection Inspectorate (info@aki.ee).<\/p>\t\t\t\t\t\t<\/div>\n\t\t\t\t<\/div>\n\t\t\t\t\t<\/div>\n\t\t<\/div>\n\t\t\t\t\t<\/div>\n\t\t<\/section>\n\t\t\t\t<section class=\"elementor-section elementor-top-section elementor-element elementor-element-8378f35 elementor-section-boxed elementor-section-height-default elementor-section-height-default\" data-id=\"8378f35\" data-element_type=\"section\">\n\t\t\t\t\t\t<div class=\"elementor-container elementor-column-gap-default\">\n\t\t\t\t\t<div class=\"elementor-column elementor-col-100 elementor-top-column elementor-element elementor-element-020546d\" data-id=\"020546d\" data-element_type=\"column\">\n\t\t\t<div class=\"elementor-widget-wrap elementor-element-populated\">\n\t\t\t\t\t\t<section class=\"elementor-section elementor-inner-section elementor-element elementor-element-6ca337d elementor-section-boxed elementor-section-height-default elementor-section-height-default\" data-id=\"6ca337d\" data-element_type=\"section\">\n\t\t\t\t\t\t<div class=\"elementor-container elementor-column-gap-default\">\n\t\t\t\t\t<div class=\"elementor-column elementor-col-50 elementor-inner-column elementor-element elementor-element-472a3a5\" data-id=\"472a3a5\" data-element_type=\"column\">\n\t\t\t<div class=\"elementor-widget-wrap elementor-element-populated\">\n\t\t\t\t\t\t<div class=\"elementor-element elementor-element-642d369 elementor-view-default elementor-widget elementor-widget-icon\" data-id=\"642d369\" data-element_type=\"widget\" data-widget_type=\"icon.default\">\n\t\t\t\t<div class=\"elementor-widget-container\">\n\t\t\t\t\t<div class=\"elementor-icon-wrapper\">\n\t\t\t<div class=\"elementor-icon\">\n\t\t\t<i aria-hidden=\"true\" class=\"fas fa-map-marker-alt\"><\/i>\t\t\t<\/div>\n\t\t<\/div>\n\t\t\t\t<\/div>\n\t\t\t\t<\/div>\n\t\t\t\t\t<\/div>\n\t\t<\/div>\n\t\t\t\t<div class=\"elementor-column elementor-col-50 elementor-inner-column elementor-element elementor-element-5692bce\" data-id=\"5692bce\" data-element_type=\"column\">\n\t\t\t<div class=\"elementor-widget-wrap elementor-element-populated\">\n\t\t\t\t\t\t<div class=\"elementor-element elementor-element-1d65045 elementor-widget elementor-widget-heading\" data-id=\"1d65045\" data-element_type=\"widget\" data-widget_type=\"heading.default\">\n\t\t\t\t<div class=\"elementor-widget-container\">\n\t\t\t<h6 class=\"elementor-heading-title elementor-size-default\">Ringi 60, P\u00e4rnu, P\u00e4rnumaa 80012\u200b<\/h6>\t\t<\/div>\n\t\t\t\t<\/div>\n\t\t\t\t\t<\/div>\n\t\t<\/div>\n\t\t\t\t\t<\/div>\n\t\t<\/section>\n\t\t\t\t<section class=\"elementor-section elementor-inner-section elementor-element elementor-element-c51b991 elementor-section-boxed elementor-section-height-default elementor-section-height-default\" data-id=\"c51b991\" data-element_type=\"section\">\n\t\t\t\t\t\t<div class=\"elementor-container elementor-column-gap-default\">\n\t\t\t\t\t<div class=\"elementor-column elementor-col-50 elementor-inner-column elementor-element elementor-element-ffd3424\" data-id=\"ffd3424\" data-element_type=\"column\">\n\t\t\t<div class=\"elementor-widget-wrap elementor-element-populated\">\n\t\t\t\t\t\t<div class=\"elementor-element elementor-element-934c9b5 elementor-view-default elementor-widget elementor-widget-icon\" data-id=\"934c9b5\" data-element_type=\"widget\" data-widget_type=\"icon.default\">\n\t\t\t\t<div class=\"elementor-widget-container\">\n\t\t\t\t\t<div class=\"elementor-icon-wrapper\">\n\t\t\t<div class=\"elementor-icon\">\n\t\t\t<i aria-hidden=\"true\" class=\"far fa-envelope\"><\/i>\t\t\t<\/div>\n\t\t<\/div>\n\t\t\t\t<\/div>\n\t\t\t\t<\/div>\n\t\t\t\t\t<\/div>\n\t\t<\/div>\n\t\t\t\t<div class=\"elementor-column elementor-col-50 elementor-inner-column elementor-element elementor-element-a076cf9\" data-id=\"a076cf9\" data-element_type=\"column\">\n\t\t\t<div class=\"elementor-widget-wrap elementor-element-populated\">\n\t\t\t\t\t\t<div class=\"elementor-element elementor-element-5335f6c elementor-widget elementor-widget-heading\" data-id=\"5335f6c\" data-element_type=\"widget\" data-widget_type=\"heading.default\">\n\t\t\t\t<div class=\"elementor-widget-container\">\n\t\t\t<h6 class=\"elementor-heading-title elementor-size-default\"><a href=\"mailto:info@hedonspa.com\">info@hedonspa.com<\/a><\/h6>\t\t<\/div>\n\t\t\t\t<\/div>\n\t\t\t\t\t<\/div>\n\t\t<\/div>\n\t\t\t\t\t<\/div>\n\t\t<\/section>\n\t\t\t\t<section class=\"elementor-section elementor-inner-section elementor-element elementor-element-d5b8de4 elementor-section-boxed elementor-section-height-default elementor-section-height-default\" data-id=\"d5b8de4\" data-element_type=\"section\">\n\t\t\t\t\t\t<div class=\"elementor-container elementor-column-gap-default\">\n\t\t\t\t\t<div class=\"elementor-column elementor-col-50 elementor-inner-column elementor-element elementor-element-d46f6aa\" data-id=\"d46f6aa\" data-element_type=\"column\">\n\t\t\t<div class=\"elementor-widget-wrap elementor-element-populated\">\n\t\t\t\t\t\t<div class=\"elementor-element elementor-element-93fd0b2 elementor-view-default elementor-widget elementor-widget-icon\" data-id=\"93fd0b2\" data-element_type=\"widget\" data-widget_type=\"icon.default\">\n\t\t\t\t<div class=\"elementor-widget-container\">\n\t\t\t\t\t<div class=\"elementor-icon-wrapper\">\n\t\t\t<div class=\"elementor-icon\">\n\t\t\t<i aria-hidden=\"true\" class=\"fas fa-phone-alt\"><\/i>\t\t\t<\/div>\n\t\t<\/div>\n\t\t\t\t<\/div>\n\t\t\t\t<\/div>\n\t\t\t\t\t<\/div>\n\t\t<\/div>\n\t\t\t\t<div class=\"elementor-column elementor-col-50 elementor-inner-column elementor-element elementor-element-6eb9865\" data-id=\"6eb9865\" data-element_type=\"column\">\n\t\t\t<div class=\"elementor-widget-wrap elementor-element-populated\">\n\t\t\t\t\t\t<div class=\"elementor-element elementor-element-137a8bd elementor-widget elementor-widget-heading\" data-id=\"137a8bd\" data-element_type=\"widget\" data-widget_type=\"heading.default\">\n\t\t\t\t<div class=\"elementor-widget-container\">\n\t\t\t<h6 class=\"elementor-heading-title elementor-size-default\"><a href=\"tel:+3724499000\">+372 44 99 000<\/a><\/h6>\t\t<\/div>\n\t\t\t\t<\/div>\n\t\t\t\t\t<\/div>\n\t\t<\/div>\n\t\t\t\t\t<\/div>\n\t\t<\/section>\n\t\t\t\t<section class=\"elementor-section elementor-inner-section elementor-element elementor-element-0ee784e elementor-section-boxed elementor-section-height-default elementor-section-height-default\" data-id=\"0ee784e\" data-element_type=\"section\">\n\t\t\t\t\t\t<div class=\"elementor-container elementor-column-gap-default\">\n\t\t\t\t\t<div class=\"elementor-column elementor-col-50 elementor-inner-column elementor-element elementor-element-86a9033\" data-id=\"86a9033\" data-element_type=\"column\">\n\t\t\t<div class=\"elementor-widget-wrap elementor-element-populated\">\n\t\t\t\t\t\t<div class=\"elementor-element elementor-element-2b25e34 elementor-view-default elementor-widget elementor-widget-icon\" data-id=\"2b25e34\" data-element_type=\"widget\" data-widget_type=\"icon.default\">\n\t\t\t\t<div class=\"elementor-widget-container\">\n\t\t\t\t\t<div class=\"elementor-icon-wrapper\">\n\t\t\t<div class=\"elementor-icon\">\n\t\t\t<i aria-hidden=\"true\" class=\"fab fa-facebook-square\"><\/i>\t\t\t<\/div>\n\t\t<\/div>\n\t\t\t\t<\/div>\n\t\t\t\t<\/div>\n\t\t\t\t\t<\/div>\n\t\t<\/div>\n\t\t\t\t<div class=\"elementor-column elementor-col-50 elementor-inner-column elementor-element elementor-element-6ad7878\" data-id=\"6ad7878\" data-element_type=\"column\">\n\t\t\t<div class=\"elementor-widget-wrap elementor-element-populated\">\n\t\t\t\t\t\t<div class=\"elementor-element elementor-element-834b6f8 elementor-widget elementor-widget-heading\" data-id=\"834b6f8\" data-element_type=\"widget\" data-widget_type=\"heading.default\">\n\t\t\t\t<div class=\"elementor-widget-container\">\n\t\t\t<h6 class=\"elementor-heading-title elementor-size-default\"><a href=\"https:\/\/www.facebook.com\/hedonapartments\" target=\"_blank\">fb.com\/hedonapartments<\/a><\/h6>\t\t<\/div>\n\t\t\t\t<\/div>\n\t\t\t\t\t<\/div>\n\t\t<\/div>\n\t\t\t\t\t<\/div>\n\t\t<\/section>\n\t\t\t\t\t<\/div>\n\t\t<\/div>\n\t\t\t\t\t<\/div>\n\t\t<\/section>\n\t\t\t\t<\/div>\n\t\t","protected":false},"excerpt":{"rendered":"<p>\u00a0 Processing of personal data The controller of the personal data collected via the website of Hedon Apartments is Ringi Haldus O\u00dc (registry code 11249122), located at Suur-J\u00f5e St 58, P\u00e4rnu, P\u00e4rnu County 80042, tel. +372 4479100, email andres.lelov@hedonspa.com. The data controller has appointed a data protection specialist, tel. +372 506 7830, email andres.lelov@hedonspa.com. What [&hellip;]<\/p>\n","protected":false},"author":1,"featured_media":0,"parent":0,"menu_order":0,"comment_status":"closed","ping_status":"open","template":"elementor_canvas","meta":{"_monsterinsights_skip_tracking":false,"_monsterinsights_sitenote_active":false,"_monsterinsights_sitenote_note":"","_monsterinsights_sitenote_category":0,"footnotes":""},"class_list":["post-2206","page","type-page","status-publish","hentry"],"yoast_head":"<!-- This site is optimized with the Yoast SEO plugin v23.1 - https:\/\/yoast.com\/wordpress\/plugins\/seo\/ -->\n<title>Privacy Policy - Hedon Apartments<\/title>\n<meta name=\"robots\" content=\"index, follow, max-snippet:-1, max-image-preview:large, max-video-preview:-1\" \/>\n<link rel=\"canonical\" href=\"https:\/\/hedonapartments.com\/en\/privaatsuspoliitika\/\" \/>\n<meta property=\"og:locale\" content=\"en_US\" \/>\n<meta property=\"og:type\" content=\"article\" \/>\n<meta property=\"og:title\" content=\"Privacy Policy - Hedon Apartments\" \/>\n<meta property=\"og:description\" content=\"\u00a0 Processing of personal data The controller of the personal data collected via the website of Hedon Apartments is Ringi Haldus O\u00dc (registry code 11249122), located at Suur-J\u00f5e St 58, P\u00e4rnu, P\u00e4rnu County 80042, tel. +372 4479100, email andres.lelov@hedonspa.com. The data controller has appointed a data protection specialist, tel. +372 506 7830, email andres.lelov@hedonspa.com. What [&hellip;]\" \/>\n<meta property=\"og:url\" content=\"https:\/\/hedonapartments.com\/privaatsuspoliitika\/\" \/>\n<meta property=\"og:site_name\" content=\"Hedon Apartments\" \/>\n<meta property=\"article:modified_time\" content=\"2021-06-04T19:11:22+00:00\" \/>\n<meta property=\"og:image\" content=\"https:\/\/hedonapartments.com\/wp-content\/uploads\/2021\/06\/HEDON-Apartments-tume-logo-taustata-1024x417.png\" \/>\n<meta name=\"twitter:card\" content=\"summary_large_image\" \/>\n<meta name=\"twitter:label1\" content=\"Est. reading time\" \/>\n\t<meta name=\"twitter:data1\" content=\"3 minutes\" \/>\n<script type=\"application\/ld+json\" class=\"yoast-schema-graph\">{\"@context\":\"https:\/\/schema.org\",\"@graph\":[{\"@type\":\"WebPage\",\"@id\":\"https:\/\/hedonapartments.com\/privaatsuspoliitika\/\",\"url\":\"https:\/\/hedonapartments.com\/privaatsuspoliitika\/\",\"name\":\"Privacy Policy - Hedon Apartments\",\"isPartOf\":{\"@id\":\"https:\/\/hedonapartments.com\/#website\"},\"primaryImageOfPage\":{\"@id\":\"https:\/\/hedonapartments.com\/privaatsuspoliitika\/#primaryimage\"},\"image\":{\"@id\":\"https:\/\/hedonapartments.com\/privaatsuspoliitika\/#primaryimage\"},\"thumbnailUrl\":\"https:\/\/hedonapartments.com\/wp-content\/uploads\/2021\/06\/HEDON-Apartments-tume-logo-taustata-1024x417.png\",\"datePublished\":\"2019-11-21T13:19:50+00:00\",\"dateModified\":\"2021-06-04T19:11:22+00:00\",\"breadcrumb\":{\"@id\":\"https:\/\/hedonapartments.com\/privaatsuspoliitika\/#breadcrumb\"},\"inLanguage\":\"en-US\",\"potentialAction\":[{\"@type\":\"ReadAction\",\"target\":[\"https:\/\/hedonapartments.com\/privaatsuspoliitika\/\"]}]},{\"@type\":\"ImageObject\",\"inLanguage\":\"en-US\",\"@id\":\"https:\/\/hedonapartments.com\/privaatsuspoliitika\/#primaryimage\",\"url\":\"https:\/\/hedonapartments.com\/wp-content\/uploads\/2021\/06\/HEDON-Apartments-tume-logo-taustata-1024x417.png\",\"contentUrl\":\"https:\/\/hedonapartments.com\/wp-content\/uploads\/2021\/06\/HEDON-Apartments-tume-logo-taustata-1024x417.png\"},{\"@type\":\"BreadcrumbList\",\"@id\":\"https:\/\/hedonapartments.com\/privaatsuspoliitika\/#breadcrumb\",\"itemListElement\":[{\"@type\":\"ListItem\",\"position\":1,\"name\":\"Home\",\"item\":\"https:\/\/hedonapartments.com\/en\/\"},{\"@type\":\"ListItem\",\"position\":2,\"name\":\"Privacy Policy\"}]},{\"@type\":\"WebSite\",\"@id\":\"https:\/\/hedonapartments.com\/#website\",\"url\":\"https:\/\/hedonapartments.com\/\",\"name\":\"Hedon Apartments\",\"description\":\"Hedon Apartments moodsad k\u00fclaliskorterid ootavad Sind P\u00e4rnusse puhkama\",\"potentialAction\":[{\"@type\":\"SearchAction\",\"target\":{\"@type\":\"EntryPoint\",\"urlTemplate\":\"https:\/\/hedonapartments.com\/?s={search_term_string}\"},\"query-input\":\"required name=search_term_string\"}],\"inLanguage\":\"en-US\"}]}<\/script>\n<!-- \/ Yoast SEO plugin. -->","yoast_head_json":{"title":"Privacy Policy - Hedon Apartments","robots":{"index":"index","follow":"follow","max-snippet":"max-snippet:-1","max-image-preview":"max-image-preview:large","max-video-preview":"max-video-preview:-1"},"canonical":"https:\/\/hedonapartments.com\/en\/privaatsuspoliitika\/","og_locale":"en_US","og_type":"article","og_title":"Privacy Policy - Hedon Apartments","og_description":"\u00a0 Processing of personal data The controller of the personal data collected via the website of Hedon Apartments is Ringi Haldus O\u00dc (registry code 11249122), located at Suur-J\u00f5e St 58, P\u00e4rnu, P\u00e4rnu County 80042, tel. +372 4479100, email andres.lelov@hedonspa.com. The data controller has appointed a data protection specialist, tel. +372 506 7830, email andres.lelov@hedonspa.com. What [&hellip;]","og_url":"https:\/\/hedonapartments.com\/privaatsuspoliitika\/","og_site_name":"Hedon Apartments","article_modified_time":"2021-06-04T19:11:22+00:00","og_image":[{"url":"https:\/\/hedonapartments.com\/wp-content\/uploads\/2021\/06\/HEDON-Apartments-tume-logo-taustata-1024x417.png"}],"twitter_card":"summary_large_image","twitter_misc":{"Est. reading time":"3 minutes"},"schema":{"@context":"https:\/\/schema.org","@graph":[{"@type":"WebPage","@id":"https:\/\/hedonapartments.com\/privaatsuspoliitika\/","url":"https:\/\/hedonapartments.com\/privaatsuspoliitika\/","name":"Privacy Policy - Hedon Apartments","isPartOf":{"@id":"https:\/\/hedonapartments.com\/#website"},"primaryImageOfPage":{"@id":"https:\/\/hedonapartments.com\/privaatsuspoliitika\/#primaryimage"},"image":{"@id":"https:\/\/hedonapartments.com\/privaatsuspoliitika\/#primaryimage"},"thumbnailUrl":"https:\/\/hedonapartments.com\/wp-content\/uploads\/2021\/06\/HEDON-Apartments-tume-logo-taustata-1024x417.png","datePublished":"2019-11-21T13:19:50+00:00","dateModified":"2021-06-04T19:11:22+00:00","breadcrumb":{"@id":"https:\/\/hedonapartments.com\/privaatsuspoliitika\/#breadcrumb"},"inLanguage":"en-US","potentialAction":[{"@type":"ReadAction","target":["https:\/\/hedonapartments.com\/privaatsuspoliitika\/"]}]},{"@type":"ImageObject","inLanguage":"en-US","@id":"https:\/\/hedonapartments.com\/privaatsuspoliitika\/#primaryimage","url":"https:\/\/hedonapartments.com\/wp-content\/uploads\/2021\/06\/HEDON-Apartments-tume-logo-taustata-1024x417.png","contentUrl":"https:\/\/hedonapartments.com\/wp-content\/uploads\/2021\/06\/HEDON-Apartments-tume-logo-taustata-1024x417.png"},{"@type":"BreadcrumbList","@id":"https:\/\/hedonapartments.com\/privaatsuspoliitika\/#breadcrumb","itemListElement":[{"@type":"ListItem","position":1,"name":"Home","item":"https:\/\/hedonapartments.com\/en\/"},{"@type":"ListItem","position":2,"name":"Privacy Policy"}]},{"@type":"WebSite","@id":"https:\/\/hedonapartments.com\/#website","url":"https:\/\/hedonapartments.com\/","name":"Hedon Apartments","description":"Hedon Apartments moodsad k\u00fclaliskorterid ootavad Sind P\u00e4rnusse puhkama","potentialAction":[{"@type":"SearchAction","target":{"@type":"EntryPoint","urlTemplate":"https:\/\/hedonapartments.com\/?s={search_term_string}"},"query-input":"required name=search_term_string"}],"inLanguage":"en-US"}]}},"_links":{"self":[{"href":"https:\/\/hedonapartments.com\/en\/wp-json\/wp\/v2\/pages\/2206"}],"collection":[{"href":"https:\/\/hedonapartments.com\/en\/wp-json\/wp\/v2\/pages"}],"about":[{"href":"https:\/\/hedonapartments.com\/en\/wp-json\/wp\/v2\/types\/page"}],"author":[{"embeddable":true,"href":"https:\/\/hedonapartments.com\/en\/wp-json\/wp\/v2\/users\/1"}],"replies":[{"embeddable":true,"href":"https:\/\/hedonapartments.com\/en\/wp-json\/wp\/v2\/comments?post=2206"}],"version-history":[{"count":23,"href":"https:\/\/hedonapartments.com\/en\/wp-json\/wp\/v2\/pages\/2206\/revisions"}],"predecessor-version":[{"id":3572,"href":"https:\/\/hedonapartments.com\/en\/wp-json\/wp\/v2\/pages\/2206\/revisions\/3572"}],"wp:attachment":[{"href":"https:\/\/hedonapartments.com\/en\/wp-json\/wp\/v2\/media?parent=2206"}],"curies":[{"name":"wp","href":"https:\/\/api.w.org\/{rel}","templated":true}]}}